{"id":122,"date":"2023-03-08T12:49:01","date_gmt":"2023-03-08T12:49:01","guid":{"rendered":"https:\/\/www.supalta.louisst.o2switch.site\/rcdd2\/?page_id=122"},"modified":"2023-07-15T10:24:25","modified_gmt":"2023-07-15T10:24:25","slug":"accueil","status":"publish","type":"page","link":"https:\/\/www.supalta.louisst.o2switch.site\/rcdd2\/","title":{"rendered":"Accueil"},"content":{"rendered":"\n<p><style>\/*! elementor - v3.13.3 - 28-05-2023 *\/<br \/>\n.elementor-heading-title{padding:0;margin:0;line-height:1}.elementor-widget-heading .elementor-heading-title[class*=elementor-size-]>a{color:inherit;font-size:inherit;line-height:inherit}.elementor-widget-heading .elementor-heading-title.elementor-size-small{font-size:15px}.elementor-widget-heading .elementor-heading-title.elementor-size-medium{font-size:19px}.elementor-widget-heading .elementor-heading-title.elementor-size-large{font-size:29px}.elementor-widget-heading .elementor-heading-title.elementor-size-xl{font-size:39px}.elementor-widget-heading .elementor-heading-title.elementor-size-xxl{font-size:59px}<\/style><\/p>\n\n\n\n<div class=\"inherit-container-width wp-block-group is-layout-constrained wp-block-group-is-layout-constrained\">\n<h2 class=\"wp-block-heading has-text-align-center\">Bienvenue<\/h2>\n\n\n\n<div class=\"inherit-container-width wp-block-group is-layout-constrained wp-block-group-is-layout-constrained\">\n<h3 class=\"wp-block-heading has-text-align-center\">Pourquoi un site consacr\u00e9 \u00e0 la relation client \u00e0 distance et digitalisation (RCDD) ?<\/h3>\n\n\n\n<p>Vous \u00eates sur le site de relation client \u00e0 distance et digitalisation, d\u00e9di\u00e9 aux \u00e9tudiants du BTS NDRC&nbsp; du lyc\u00e9e Saint Louis Saint Bruno, Campus <a href=\"https:\/\/www.supalta.com\/\">Sup Alta<\/a>.<\/p>\n\n\n\n<p>Cet espace a vocation \u00e0 rassembler le maximum de ressources pour vous pr\u00e9parer au mieux \u00e0 la r\u00e9ussite de l&rsquo;\u00e9preuve de Relation Client \u00e0 Distance et Digitalisation (RCDD) du BTS NDRC.<br>Notamment, vous trouverez ici :<\/p>\n\n\n\n<ul class=\"wp-block-list\">\n<li>de nombreux tutoriels vid\u00e9os pour <a href=\"https:\/\/www.ndrcsupalta.fr\/wordpress\/\">WordPress<\/a>, <a href=\"https:\/\/www.ndrcsupalta.fr\/prestashop\/\">Prestashop<\/a> et <a href=\"https:\/\/www.ndrcsupalta.fr\/sendinblue\/\">SendinBlue<\/a>&nbsp;;<\/li>\n\n\n\n<li>des liens vers des ressources num\u00e9riques diverses : banques d&rsquo;images libres de droits, CRM, outils de cr\u00e9ation graphique, ou encore travail collaboratif ;<\/li>\n\n\n\n<li>et enfin des flux RSS qui vous permettront de suivre l&rsquo;actualit\u00e9<\/li>\n<\/ul>\n\n\n\n<p>L&rsquo;ensemble de ces tutoriaux vous seront indispensables pour r\u00e9aliser les diverses activit\u00e9s propos\u00e9es en cours.<\/p>\n<\/div>\n\n\n\n<h3 class=\"wp-block-heading has-text-align-center\">Qu&rsquo;est-ce que Sup Alta ?<\/h3>\n\n\n\n<p>Ce campus r\u00e9sulte de la mise en commun des&nbsp; savoir-faire et valeurs, des 4 \u00e9tablissements lyonnais, dont le lyc\u00e9e Saint Louis Saint Bruno.<br>Ces \u00e9tablissements proposent des formations universitaires et techniques de grande qualit\u00e9 au sein d\u2019un projet commun qui donne toute sa place aux dimensions humaine, morale et spirituelle.<br>En effet, depuis 2019, SupAlta accueille les \u00e9tudiants pour des <strong style=\"font-family: var( --e-global-typography-text-font-family );\">formations jusqu&rsquo;\u00e0 Bac+5<\/strong> dans de <strong style=\"font-family: var( --e-global-typography-text-font-family );\">nombreuses disciplines <\/strong>: comptabilit\u00e9, gestion, communication, digital, science politique, informatique, commerce&#8230;<br>Le Centre scolaire Saint Louis Saint Bruno, quant \u00e0 lui propose le BTS NDRC, objet de ce site.<br>Sup Alta peut accueillir plus de 650 \u00e9tudiants dans des b\u00e2timents historiques enti\u00e8rement r\u00e9nov\u00e9s qui s&rsquo;ouvrent sur un grand parc arbor\u00e9 permettant ainsi un confort de travail et de vie exceptionnel.<br>L&rsquo;internat propose \u00e9galement un centaine de chambres pour les \u00e9tudiants.<\/p>\n\n\n\n<div class=\"inherit-container-width wp-block-group is-layout-constrained wp-block-group-is-layout-constrained\">\n<figure class=\"wp-block-gallery has-nested-images columns-default is-cropped wp-block-gallery-1 is-layout-flex wp-block-gallery-is-layout-flex\">\n<figure class=\"wp-block-image size-large\"><a href=\"https:\/\/www.slsb.fr\/\" target=\"_blank\" rel=\"noreferrer noopener\"><img loading=\"lazy\" decoding=\"async\" width=\"500\" height=\"250\" data-id=\"1043\" src=\"http:\/\/www.supalta.louisst.o2switch.site\/rcdd2\/wp-content\/uploads\/2023\/07\/Logo-SLSB500.png\" alt=\"\" class=\"wp-image-1043\" srcset=\"https:\/\/www.supalta.louisst.o2switch.site\/rcdd2\/wp-content\/uploads\/2023\/07\/Logo-SLSB500.png 500w, https:\/\/www.supalta.louisst.o2switch.site\/rcdd2\/wp-content\/uploads\/2023\/07\/Logo-SLSB500-300x150.png 300w\" sizes=\"auto, (max-width: 500px) 100vw, 500px\" \/><\/a><\/figure>\n\n\n\n<figure class=\"wp-block-image size-large\"><a href=\"https:\/\/www.supalta.com\/\" target=\"_blank\" rel=\"noreferrer noopener\"><img loading=\"lazy\" decoding=\"async\" width=\"500\" height=\"250\" data-id=\"1044\" src=\"http:\/\/www.supalta.louisst.o2switch.site\/rcdd2\/wp-content\/uploads\/2023\/07\/logosupalta500.png\" alt=\"\" class=\"wp-image-1044\" srcset=\"https:\/\/www.supalta.louisst.o2switch.site\/rcdd2\/wp-content\/uploads\/2023\/07\/logosupalta500.png 500w, https:\/\/www.supalta.louisst.o2switch.site\/rcdd2\/wp-content\/uploads\/2023\/07\/logosupalta500-300x150.png 300w\" sizes=\"auto, (max-width: 500px) 100vw, 500px\" \/><\/a><\/figure>\n<\/figure>\n<\/div>\n\n\n\n<div class=\"inherit-container-width wp-block-group is-layout-constrained wp-block-group-is-layout-constrained\">\n<h3 class=\"wp-block-heading has-text-align-center\">O\u00f9 sommes-nous ?<\/h3>\n\n\n\n<p>Le campus Sup Alta est situ\u00e9 sur la colline de la Croix-Rousse, dans le 1er arrondissement de Lyon.<\/p>\n<\/div>\n\n\n\n<center><iframe src=\"https:\/\/www.google.com\/maps\/embed?pb=!1m18!1m12!1m3!1d2783.053936054496!2d4.817554076403338!3d45.77010931297582!2m3!1f0!2f0!3f0!3m2!1i1024!2i768!4f13.1!3m3!1m2!1s0x47f4eb05f40eba91%3A0x8146d65cb2369d46!2s38%20Rue%20Pierre%20Dupont%2C%2069001%20Lyon!5e0!3m2!1sfr!2sfr!4v1689093441277!5m2!1sfr!2sfr\" width=\"600\" height=\"450\" style=\"border:0;\" allowfullscreen=\"\" loading=\"lazy\" referrerpolicy=\"no-referrer-when-downgrade\"><\/iframe><\/>\n<\/div>\n","protected":false},"excerpt":{"rendered":"<p>Bienvenue Pourquoi un site consacr\u00e9 \u00e0 la relation client \u00e0 distance et digitalisation (RCDD) ? Vous \u00eates sur le site de relation client \u00e0 distance et digitalisation, d\u00e9di\u00e9 aux \u00e9tudiants du BTS NDRC&nbsp; du lyc\u00e9e Saint Louis Saint Bruno, Campus Sup Alta. Cet espace a vocation \u00e0 rassembler le maximum de ressources pour vous pr\u00e9parer &hellip;<\/p>\n<p class=\"read-more\"> <a class=\"\" href=\"https:\/\/www.supalta.louisst.o2switch.site\/rcdd2\/\"> <span class=\"screen-reader-text\">Accueil<\/span> Lire la suite\u00a0\u00bb<\/a><\/p>\n","protected":false},"author":1,"featured_media":1654,"parent":0,"menu_order":0,"comment_status":"closed","ping_status":"closed","template":"","meta":{"_eb_attr":"","_uag_custom_page_level_css":"","site-sidebar-layout":"no-sidebar","site-content-layout":"page-builder","ast-global-header-display":"","ast-banner-title-visibility":"","ast-main-header-display":"","ast-hfb-above-header-display":"","ast-hfb-below-header-display":"","ast-hfb-mobile-header-display":"","site-post-title":"disabled","ast-breadcrumbs-content":"","ast-featured-img":"disabled","footer-sml-layout":"","theme-transparent-header-meta":"","adv-header-id-meta":"","stick-header-meta":"","header-above-stick-meta":"","header-main-stick-meta":"","header-below-stick-meta":"","_vp_format_video_url":"","_vp_image_focal_point":[],"footnotes":""},"class_list":["post-122","page","type-page","status-publish","has-post-thumbnail","hentry"],"uagb_featured_image_src":{"full":["https:\/\/www.supalta.louisst.o2switch.site\/rcdd2\/wp-content\/uploads\/2023\/07\/Logonew300.png",500,170,false],"thumbnail":["https:\/\/www.supalta.louisst.o2switch.site\/rcdd2\/wp-content\/uploads\/2023\/07\/Logonew300-150x150.png",150,150,true],"medium":["https:\/\/www.supalta.louisst.o2switch.site\/rcdd2\/wp-content\/uploads\/2023\/07\/Logonew300-300x102.png",300,102,true],"medium_large":["https:\/\/www.supalta.louisst.o2switch.site\/rcdd2\/wp-content\/uploads\/2023\/07\/Logonew300.png",500,170,false],"large":["https:\/\/www.supalta.louisst.o2switch.site\/rcdd2\/wp-content\/uploads\/2023\/07\/Logonew300.png",500,170,false],"1536x1536":["https:\/\/www.supalta.louisst.o2switch.site\/rcdd2\/wp-content\/uploads\/2023\/07\/Logonew300.png",500,170,false],"2048x2048":["https:\/\/www.supalta.louisst.o2switch.site\/rcdd2\/wp-content\/uploads\/2023\/07\/Logonew300.png",500,170,false],"vp_sm":["https:\/\/www.supalta.louisst.o2switch.site\/rcdd2\/wp-content\/uploads\/2023\/07\/Logonew300.png",500,170,false],"vp_md":["https:\/\/www.supalta.louisst.o2switch.site\/rcdd2\/wp-content\/uploads\/2023\/07\/Logonew300.png",500,170,false],"vp_lg":["https:\/\/www.supalta.louisst.o2switch.site\/rcdd2\/wp-content\/uploads\/2023\/07\/Logonew300.png",500,170,false],"vp_xl":["https:\/\/www.supalta.louisst.o2switch.site\/rcdd2\/wp-content\/uploads\/2023\/07\/Logonew300.png",500,170,false],"vp_sm_popup":["https:\/\/www.supalta.louisst.o2switch.site\/rcdd2\/wp-content\/uploads\/2023\/07\/Logonew300.png",500,170,false],"vp_md_popup":["https:\/\/www.supalta.louisst.o2switch.site\/rcdd2\/wp-content\/uploads\/2023\/07\/Logonew300.png",500,170,false],"vp_xl_popup":["https:\/\/www.supalta.louisst.o2switch.site\/rcdd2\/wp-content\/uploads\/2023\/07\/Logonew300.png",500,170,false]},"uagb_author_info":{"display_name":"adligez","author_link":"https:\/\/www.supalta.louisst.o2switch.site\/rcdd2\/author\/adligez\/"},"uagb_comment_info":0,"uagb_excerpt":"Bienvenue Pourquoi un site consacr\u00e9 \u00e0 la relation client \u00e0 distance et digitalisation (RCDD) ? Vous \u00eates sur le site de relation client \u00e0 distance et digitalisation, d\u00e9di\u00e9 aux \u00e9tudiants du BTS NDRC&nbsp; du lyc\u00e9e Saint Louis Saint Bruno, Campus Sup Alta. Cet espace a vocation \u00e0 rassembler le maximum de ressources pour vous pr\u00e9parer\u2026","_links":{"self":[{"href":"https:\/\/www.supalta.louisst.o2switch.site\/rcdd2\/wp-json\/wp\/v2\/pages\/122","targetHints":{"allow":["GET"]}}],"collection":[{"href":"https:\/\/www.supalta.louisst.o2switch.site\/rcdd2\/wp-json\/wp\/v2\/pages"}],"about":[{"href":"https:\/\/www.supalta.louisst.o2switch.site\/rcdd2\/wp-json\/wp\/v2\/types\/page"}],"author":[{"embeddable":true,"href":"https:\/\/www.supalta.louisst.o2switch.site\/rcdd2\/wp-json\/wp\/v2\/users\/1"}],"replies":[{"embeddable":true,"href":"https:\/\/www.supalta.louisst.o2switch.site\/rcdd2\/wp-json\/wp\/v2\/comments?post=122"}],"version-history":[{"count":26,"href":"https:\/\/www.supalta.louisst.o2switch.site\/rcdd2\/wp-json\/wp\/v2\/pages\/122\/revisions"}],"predecessor-version":[{"id":1715,"href":"https:\/\/www.supalta.louisst.o2switch.site\/rcdd2\/wp-json\/wp\/v2\/pages\/122\/revisions\/1715"}],"wp:featuredmedia":[{"embeddable":true,"href":"https:\/\/www.supalta.louisst.o2switch.site\/rcdd2\/wp-json\/wp\/v2\/media\/1654"}],"wp:attachment":[{"href":"https:\/\/www.supalta.louisst.o2switch.site\/rcdd2\/wp-json\/wp\/v2\/media?parent=122"}],"curies":[{"name":"wp","href":"https:\/\/api.w.org\/{rel}","templated":true}]}}