{"id":1335,"date":"2023-07-13T13:49:20","date_gmt":"2023-07-13T13:49:20","guid":{"rendered":"https:\/\/www.supalta.louisst.o2switch.site\/rcdd2\/?page_id=1335"},"modified":"2023-07-15T11:22:36","modified_gmt":"2023-07-15T11:22:36","slug":"les-roles-dans-wordpress","status":"publish","type":"page","link":"https:\/\/www.supalta.louisst.o2switch.site\/rcdd2\/les-roles-dans-wordpress\/","title":{"rendered":"Les r\u00f4les dans wordpress"},"content":{"rendered":"\n<div class=\"wp-block-group has-background is-nowrap is-layout-flex wp-container-core-group-is-layout-9a0cc81e wp-block-group-is-layout-flex\" style=\"background-color:#eaeaea;padding-top:var(--wp--preset--spacing--40);padding-right:var(--wp--preset--spacing--40);padding-bottom:var(--wp--preset--spacing--40);padding-left:var(--wp--preset--spacing--40)\">\n<div class=\"wp-block-essential-blocks-advanced-navigation\"><div class=\"eb-parent-wrapper eb-parent-eb-advanced-navigation-praxga7 \"><div class=\"eb-advanced-navigation-praxga7 eb-advanced-navigation-wrapper is-horizontal preset-1 items-justified-left responsive-icon close-icon-right\"><div class=\"eb-nav-contents\"><nav class=\"is-responsive is-horizontal items-justified-left  wp-block-navigation is-layout-flex wp-block-navigation-is-layout-flex\" aria-label=\"Menu Principal\" \n\t\t data-wp-interactive=\"core\/navigation\" data-wp-context='{\"overlayOpenedBy\":{\"click\":false,\"hover\":false,\"focus\":false},\"type\":\"overlay\",\"roleAttribute\":\"\",\"ariaLabel\":\"Menu\"}'><button aria-haspopup=\"dialog\" aria-label=\"Ouvrir le menu\" class=\"wp-block-navigation__responsive-container-open\" \n\t\t\t\tdata-wp-on--click=\"actions.openMenuOnClick\"\n\t\t\t\tdata-wp-on--keydown=\"actions.handleMenuKeydown\"\n\t\t\t><svg width=\"24\" height=\"24\" xmlns=\"http:\/\/www.w3.org\/2000\/svg\" viewBox=\"0 0 24 24\" aria-hidden=\"true\" focusable=\"false\"><path d=\"M4 7.5h16v1.5H4z\"><\/path><path d=\"M4 15h16v1.5H4z\"><\/path><\/svg><\/button>\n\t\t\t\t<div class=\"wp-block-navigation__responsive-container\"  id=\"modal-1\" \n\t\t\t\tdata-wp-class--has-modal-open=\"state.isMenuOpen\"\n\t\t\t\tdata-wp-class--is-menu-open=\"state.isMenuOpen\"\n\t\t\t\tdata-wp-watch=\"callbacks.initMenu\"\n\t\t\t\tdata-wp-on--keydown=\"actions.handleMenuKeydown\"\n\t\t\t\tdata-wp-on--focusout=\"actions.handleMenuFocusout\"\n\t\t\t\ttabindex=\"-1\"\n\t\t\t>\n\t\t\t\t\t<div class=\"wp-block-navigation__responsive-close\" tabindex=\"-1\">\n\t\t\t\t\t\t<div class=\"wp-block-navigation__responsive-dialog\" \n\t\t\t\tdata-wp-bind--aria-modal=\"state.ariaModal\"\n\t\t\t\tdata-wp-bind--aria-label=\"state.ariaLabel\"\n\t\t\t\tdata-wp-bind--role=\"state.roleAttribute\"\n\t\t\t>\n\t\t\t\t\t\t\t<button aria-label=\"Fermer le menu\" class=\"wp-block-navigation__responsive-container-close\" \n\t\t\t\tdata-wp-on--click=\"actions.closeMenuOnClick\"\n\t\t\t><svg xmlns=\"http:\/\/www.w3.org\/2000\/svg\" viewBox=\"0 0 24 24\" width=\"24\" height=\"24\" aria-hidden=\"true\" focusable=\"false\"><path d=\"m13.06 12 6.47-6.47-1.06-1.06L12 10.94 5.53 4.47 4.47 5.53 10.94 12l-6.47 6.47 1.06 1.06L12 13.06l6.47 6.47 1.06-1.06L13.06 12Z\"><\/path><\/svg><\/button>\n\t\t\t\t\t\t\t<div class=\"wp-block-navigation__responsive-container-content\" \n\t\t\t\tdata-wp-watch=\"callbacks.focusFirstElement\"\n\t\t\t id=\"modal-1-content\">\n\t\t\t\t\t\t\t\t<ul class=\"wp-block-navigation__container is-responsive is-horizontal items-justified-left  wp-block-navigation\"><li class=\" wp-block-navigation-item wp-block-navigation-link\"><a class=\"wp-block-navigation-item__content\"  href=\"https:\/\/www.supalta.louisst.o2switch.site\/rcdd2\"><span class=\"wp-block-navigation-item__label\">Accueil<\/span><\/a><\/li><li class=\" wp-block-navigation-item wp-block-navigation-link\"><a class=\"wp-block-navigation-item__content\"  href=\"https:\/\/www.supalta.louisst.o2switch.site\/rcdd2\/referentiel\/\"><span class=\"wp-block-navigation-item__label\">R\u00e9f\u00e9rentiel<\/span><\/a><\/li><li data-wp-context=\"{ &quot;submenuOpenedBy&quot;: { &quot;click&quot;: false, &quot;hover&quot;: false, &quot;focus&quot;: false }, &quot;type&quot;: &quot;submenu&quot;, &quot;modal&quot;: null, &quot;previousFocus&quot;: null }\" data-wp-interactive=\"core\/navigation\" data-wp-on--focusout=\"actions.handleMenuFocusout\" data-wp-on--keydown=\"actions.handleMenuKeydown\" data-wp-on--mouseenter=\"actions.openMenuOnHover\" data-wp-on--mouseleave=\"actions.closeMenuOnHover\" data-wp-watch=\"callbacks.initMenu\" tabindex=\"-1\" class=\"wp-block-navigation-item has-child open-on-hover-click wp-block-navigation-submenu\"><a class=\"wp-block-navigation-item__content\" href=\"#\"><span class=\"wp-block-navigation-item__label\">WordPress<\/span><\/a><button data-wp-bind--aria-expanded=\"state.isMenuOpen\" data-wp-on--click=\"actions.toggleMenuOnClick\" aria-label=\"Sous-menu WordPress\" class=\"wp-block-navigation__submenu-icon wp-block-navigation-submenu__toggle\" ><svg xmlns=\"http:\/\/www.w3.org\/2000\/svg\" width=\"12\" height=\"12\" viewBox=\"0 0 12 12\" fill=\"none\" aria-hidden=\"true\" focusable=\"false\"><path d=\"M1.50002 4L6.00002 8L10.5 4\" stroke-width=\"1.5\"><\/path><\/svg><\/button><ul data-wp-on--focus=\"actions.openMenuOnFocus\" class=\"wp-block-navigation__submenu-container wp-block-navigation-submenu\"><li class=\" wp-block-navigation-item wp-block-navigation-link\"><a class=\"wp-block-navigation-item__content\"  href=\"https:\/\/www.supalta.louisst.o2switch.site\/rcdd2\/wordpress\/\"><span class=\"wp-block-navigation-item__label\">Tutoriels vid\u00e9o WordPress<\/span><\/a><\/li><li class=\" wp-block-navigation-item wp-block-navigation-link\"><a class=\"wp-block-navigation-item__content\"  href=\"https:\/\/www.supalta.louisst.o2switch.site\/rcdd2\/les-roles-dans-wordpress\/\"><span class=\"wp-block-navigation-item__label\">Les r\u00f4les dans wordpress<\/span><\/a><\/li><li class=\" wp-block-navigation-item wp-block-navigation-link\"><a class=\"wp-block-navigation-item__content\"  href=\"https:\/\/www.supalta.louisst.o2switch.site\/rcdd2\/infos-site-ndrc-supalta\/\"><span class=\"wp-block-navigation-item__label\">Infos site NDRC Supalta<\/span><\/a><\/li><\/ul><\/li><li class=\" wp-block-navigation-item wp-block-navigation-link\"><a class=\"wp-block-navigation-item__content\"  href=\"https:\/\/www.supalta.louisst.o2switch.site\/rcdd2\/prestashop\/\"><span class=\"wp-block-navigation-item__label\">Prestashop<\/span><\/a><\/li><li class=\" wp-block-navigation-item wp-block-navigation-link\"><a class=\"wp-block-navigation-item__content\"  href=\"https:\/\/www.supalta.louisst.o2switch.site\/rcdd2\/brevo\/\"><span class=\"wp-block-navigation-item__label\">Brevo (ex SendinBlue)<\/span><\/a><\/li><li data-wp-context=\"{ &quot;submenuOpenedBy&quot;: { &quot;click&quot;: false, &quot;hover&quot;: false, &quot;focus&quot;: false }, &quot;type&quot;: &quot;submenu&quot;, &quot;modal&quot;: null, &quot;previousFocus&quot;: null }\" data-wp-interactive=\"core\/navigation\" data-wp-on--focusout=\"actions.handleMenuFocusout\" data-wp-on--keydown=\"actions.handleMenuKeydown\" data-wp-on--mouseenter=\"actions.openMenuOnHover\" data-wp-on--mouseleave=\"actions.closeMenuOnHover\" data-wp-watch=\"callbacks.initMenu\" tabindex=\"-1\" class=\"wp-block-navigation-item has-child open-on-hover-click wp-block-navigation-submenu\"><a class=\"wp-block-navigation-item__content\" href=\"#\"><span class=\"wp-block-navigation-item__label\">Marketing et Num\u00e9rique<\/span><\/a><button data-wp-bind--aria-expanded=\"state.isMenuOpen\" data-wp-on--click=\"actions.toggleMenuOnClick\" aria-label=\"Sous-menu Marketing et Num\u00e9rique\" class=\"wp-block-navigation__submenu-icon wp-block-navigation-submenu__toggle\" ><svg xmlns=\"http:\/\/www.w3.org\/2000\/svg\" width=\"12\" height=\"12\" viewBox=\"0 0 12 12\" fill=\"none\" aria-hidden=\"true\" focusable=\"false\"><path d=\"M1.50002 4L6.00002 8L10.5 4\" stroke-width=\"1.5\"><\/path><\/svg><\/button><ul data-wp-on--focus=\"actions.openMenuOnFocus\" class=\"wp-block-navigation__submenu-container wp-block-navigation-submenu\"><li class=\" wp-block-navigation-item wp-block-navigation-link\"><a class=\"wp-block-navigation-item__content\"  href=\"https:\/\/www.supalta.louisst.o2switch.site\/rcdd2\/ressources-marketing\/\"><span class=\"wp-block-navigation-item__label\">Ressources marketing<\/span><\/a><\/li><li class=\" wp-block-navigation-item wp-block-navigation-link\"><a class=\"wp-block-navigation-item__content\"  href=\"https:\/\/www.supalta.louisst.o2switch.site\/rcdd2\/ressources-numeriques\/\"><span class=\"wp-block-navigation-item__label\">Ressources num\u00e9riques<\/span><\/a><\/li><\/ul><\/li><li class=\" wp-block-navigation-item wp-block-navigation-link\"><a class=\"wp-block-navigation-item__content\"  href=\"https:\/\/www.supalta.louisst.o2switch.site\/rcdd2\/flux-rss\/\"><span class=\"wp-block-navigation-item__label\">Flux RSS<\/span><\/a><\/li><li class=\" wp-block-navigation-item wp-block-navigation-link\"><a class=\"wp-block-navigation-item__content\"  href=\"https:\/\/www.supalta.louisst.o2switch.site\/rcdd2\/contact\/\"><span class=\"wp-block-navigation-item__label\">Contact<\/span><\/a><\/li><\/ul>\n\t\t\t\t\t\t\t<\/div>\n\t\t\t\t\t\t<\/div>\n\t\t\t\t\t<\/div>\n\t\t\t\t<\/div><\/nav><\/div><\/div><\/div><\/div>\n<\/div>\n\n\n\n<div class=\"wp-block-uagb-separator uagb-block-f3f398fd\"><div class=\"wp-block-uagb-separator__inner\" style=\"--my-background-image:\"><\/div><\/div>\n\n\n\n<div class=\"inherit-container-width wp-block-group is-layout-constrained wp-block-group-is-layout-constrained\">\n<div class=\"wp-block-essential-blocks-advanced-heading\"><div class=\"eb-parent-wrapper eb-parent-eb-advance-heading-c397aaq \"><div class=\"eb-advance-heading-wrapper eb-advance-heading-c397aaq button-1\" data-id=\"eb-advance-heading-c397aaq\"><h2 class=\"eb-ah-title\">Les r\u00f4les dans WordPress<\/h2><div class=\"eb-ah-separator line\"><\/div><\/div><\/div><\/div>\n\n\n\n<p>Cependant, pour des raisons de s\u00e9curit\u00e9, chaque utilisateur peut ne pas avoir acc\u00e8s \u00e0 toutes les fonctionnalit\u00e9s du site.<\/p>\n\n\n\n<p>C&rsquo;est pourquoi, WordPress pr\u00e9voit diff\u00e9rents profils pour les utilisateurs, auxquels sont attach\u00e9es des permissions sp\u00e9cifiques. Ainsi, sont pr\u00e9vus par d\u00e9faut les r\u00f4les d&rsquo;abonn\u00e9, contributeur, auteur, \u00e9diteur et administrateur. Vous trouverez davantage d&rsquo;informations sur les r\u00f4les sur&nbsp;<a href=\"https:\/\/wpmarmite.com\/glossaire\/role\/\">cette page.<\/a><\/p>\n\n\n\n<p>Vous trouverez dans le tableau ci-dessous les permissions attach\u00e9es \u00e0 chaque r\u00f4le.<\/p>\n\n\n\n<p>Un site Internet est souvent anim\u00e9 par plusieurs personnes.<\/p>\n\n\n\n<figure class=\"wp-block-table is-style-stripes\"><table><thead><tr><th><\/th><th class=\"has-text-align-center\" data-align=\"center\">Abonn\u00e9<\/th><th class=\"has-text-align-center\" data-align=\"center\">Contributeur<\/th><th class=\"has-text-align-center\" data-align=\"center\">Auteur<\/th><th class=\"has-text-align-center\" data-align=\"center\">Editeur<\/th><th class=\"has-text-align-center\" data-align=\"center\">Administrateur<\/th><\/tr><\/thead><tbody><tr><td>R\u00e9daction article<\/td><td class=\"has-text-align-center\" data-align=\"center\">NON<\/td><td class=\"has-text-align-center\" data-align=\"center\">OUI<\/td><td class=\"has-text-align-center\" data-align=\"center\">OUI<\/td><td class=\"has-text-align-center\" data-align=\"center\">OUI<\/td><td class=\"has-text-align-center\" data-align=\"center\">OUI<\/td><\/tr><tr><td>R\u00e9daction page<\/td><td class=\"has-text-align-center\" data-align=\"center\">NON<\/td><td class=\"has-text-align-center\" data-align=\"center\">NON<\/td><td class=\"has-text-align-center\" data-align=\"center\">NON<\/td><td class=\"has-text-align-center\" data-align=\"center\">OUI<\/td><td class=\"has-text-align-center\" data-align=\"center\">OUI<\/td><\/tr><tr><td>Insertion d&rsquo;image \u00e0 partir d&rsquo;une URL<\/td><td class=\"has-text-align-center\" data-align=\"center\">OUI<\/td><td class=\"has-text-align-center\" data-align=\"center\">OUI<\/td><td class=\"has-text-align-center\" data-align=\"center\">OUI<\/td><td class=\"has-text-align-center\" data-align=\"center\">OUI<\/td><td class=\"has-text-align-center\" data-align=\"center\">OUI<\/td><\/tr><tr><td>Acc\u00e8s m\u00e9diath\u00e8que<\/td><td class=\"has-text-align-center\" data-align=\"center\">NON<\/td><td class=\"has-text-align-center\" data-align=\"center\">OUI<\/td><td class=\"has-text-align-center\" data-align=\"center\">OUI<\/td><td class=\"has-text-align-center\" data-align=\"center\">OUI<\/td><td class=\"has-text-align-center\" data-align=\"center\">OUI<\/td><\/tr><tr><td>Cr\u00e9ation de cat\u00e9gories<\/td><td class=\"has-text-align-center\" data-align=\"center\">NON<\/td><td class=\"has-text-align-center\" data-align=\"center\">NON<\/td><td class=\"has-text-align-center\" data-align=\"center\">OUI<\/td><td class=\"has-text-align-center\" data-align=\"center\">OUI<\/td><td class=\"has-text-align-center\" data-align=\"center\">OUI<\/td><\/tr><tr><td>Cr\u00e9ation d&rsquo;\u00e9tiquette<\/td><td class=\"has-text-align-center\" data-align=\"center\">NON<\/td><td class=\"has-text-align-center\" data-align=\"center\">OUI<\/td><td class=\"has-text-align-center\" data-align=\"center\">OUI<\/td><td class=\"has-text-align-center\" data-align=\"center\">OUI<\/td><td class=\"has-text-align-center\" data-align=\"center\">OUI<\/td><\/tr><tr><td>Publier<\/td><td class=\"has-text-align-center\" data-align=\"center\">NON<\/td><td class=\"has-text-align-center\" data-align=\"center\">OUI<\/td><td class=\"has-text-align-center\" data-align=\"center\">OUI<\/td><td class=\"has-text-align-center\" data-align=\"center\">OUI<\/td><td class=\"has-text-align-center\" data-align=\"center\">OUI<\/td><\/tr><tr><td>Modification de contenu<\/td><td class=\"has-text-align-center\" data-align=\"center\">NON<\/td><td class=\"has-text-align-center\" data-align=\"center\">NON<\/td><td class=\"has-text-align-center\" data-align=\"center\">OUI<\/td><td class=\"has-text-align-center\" data-align=\"center\">OUI<\/td><td class=\"has-text-align-center\" data-align=\"center\">OUI<\/td><\/tr><tr><td>Suppression<\/td><td class=\"has-text-align-center\" data-align=\"center\">OUI<\/td><td class=\"has-text-align-center\" data-align=\"center\">OUI<\/td><td class=\"has-text-align-center\" data-align=\"center\">Publications <br>personnelles<\/td><td class=\"has-text-align-center\" data-align=\"center\">Toutes<\/td><td class=\"has-text-align-center\" data-align=\"center\">Toutes<\/td><\/tr><tr><td>Mod\u00e9ration commentaires<\/td><td class=\"has-text-align-center\" data-align=\"center\">NON<\/td><td class=\"has-text-align-center\" data-align=\"center\">NON<\/td><td class=\"has-text-align-center\" data-align=\"center\">NON<\/td><td class=\"has-text-align-center\" data-align=\"center\">OUI<\/td><td class=\"has-text-align-center\" data-align=\"center\">OUI<\/td><\/tr><tr><td>Consultation profil<\/td><td class=\"has-text-align-center\" data-align=\"center\">OUI<\/td><td class=\"has-text-align-center\" data-align=\"center\">OUI<\/td><td class=\"has-text-align-center\" data-align=\"center\">OUI<\/td><td class=\"has-text-align-center\" data-align=\"center\">OUI<\/td><td class=\"has-text-align-center\" data-align=\"center\">OUI<\/td><\/tr><tr><td>Yoast SEO<\/td><td class=\"has-text-align-center\" data-align=\"center\">OUI<\/td><td class=\"has-text-align-center\" data-align=\"center\">OUI<\/td><td class=\"has-text-align-center\" data-align=\"center\">OUI<\/td><td class=\"has-text-align-center\" data-align=\"center\">OUI<\/td><td class=\"has-text-align-center\" data-align=\"center\">OUI<\/td><\/tr><tr><td>Gestion des options du site<\/td><td class=\"has-text-align-center\" data-align=\"center\">NON<\/td><td class=\"has-text-align-center\" data-align=\"center\">NON<\/td><td class=\"has-text-align-center\" data-align=\"center\">NON<\/td><td class=\"has-text-align-center\" data-align=\"center\">NON<\/td><td class=\"has-text-align-center\" data-align=\"center\">OUI<\/td><\/tr><\/tbody><\/table><\/figure>\n<\/div>\n\n\n\n<div class=\"wp-block-uagb-modal uagb-block-43f873a2 uagb-modal-wrapper uag-hide-mob\" data-escpress=\"disable\" data-overlayclick=\"disable\"><div class=\"uagb-spectra-button-wrapper wp-block-button\"><a class=\"uagb-modal-button-link wp-block-button__link uagb-modal-trigger\" href=\"#\" onclick=\"return false;\" target=\"_self\" rel=\"noopener noreferrer\"><span class=\"uagb-modal-content-wrapper\"><span class=\"uagb-inline-editing\">Comment a \u00e9t\u00e9 construite cette page ?<\/span><svg xmlns=\"https:\/\/www.w3.org\/2000\/svg\" viewBox=\"0 0 256 512\"><path d=\"M64 448c-8.188 0-16.38-3.125-22.62-9.375c-12.5-12.5-12.5-32.75 0-45.25L178.8 256L41.38 118.6c-12.5-12.5-12.5-32.75 0-45.25s32.75-12.5 45.25 0l160 160c12.5 12.5 12.5 32.75 0 45.25l-160 160C80.38 444.9 72.19 448 64 448z\"><\/path><\/svg><\/span><\/a><\/div><div class=\"uagb-effect-default uagb-modal-popup uagb-block-43f873a2\"><div class=\"uagb-modal-popup-wrap\"><div class=\"uagb-modal-popup-content\">\n<div class=\"wp-block-uagb-info-box uagb-block-a740e689 uagb-infobox__content-wrap  uagb-infobox-icon-above-title uagb-infobox-image-valign-top\"><div class=\"uagb-ifb-content\"><div class=\"uagb-ifb-title-wrap\"><h3 class=\"uagb-ifb-title\">Construction de cette page<\/h3><\/div><p class=\"uagb-ifb-desc\">Cette page a \u00e9t\u00e9 construite avec :<br>&#8211; un bloc titre avanc\u00e9 (plugin essential blocks)<br>&#8211; des paragraphes group\u00e9s<br>&#8211; un tableau<\/p><\/div><\/div>\n\n\n\n<hr class=\"wp-block-separator has-alpha-channel-opacity\"\/>\n<\/div><div class=\"uagb-modal-popup-close\"><svg xmlns=\"https:\/\/www.w3.org\/2000\/svg\" viewBox=\"0 0 320 512\"><path d=\"M310.6 361.4c12.5 12.5 12.5 32.75 0 45.25C304.4 412.9 296.2 416 288 416s-16.38-3.125-22.62-9.375L160 301.3L54.63 406.6C48.38 412.9 40.19 416 32 416S15.63 412.9 9.375 406.6c-12.5-12.5-12.5-32.75 0-45.25l105.4-105.4L9.375 150.6c-12.5-12.5-12.5-32.75 0-45.25s32.75-12.5 45.25 0L160 210.8l105.4-105.4c12.5-12.5 32.75-12.5 45.25 0s12.5 32.75 0 45.25l-105.4 105.4L310.6 361.4z\"><\/path><\/svg><\/div><\/div><\/div><\/div>\n","protected":false},"excerpt":{"rendered":"<p>Cependant, pour des raisons de s\u00e9curit\u00e9, chaque utilisateur peut ne pas avoir acc\u00e8s \u00e0 toutes les fonctionnalit\u00e9s du site. C&rsquo;est pourquoi, WordPress pr\u00e9voit diff\u00e9rents profils pour les utilisateurs, auxquels sont attach\u00e9es des permissions sp\u00e9cifiques. Ainsi, sont pr\u00e9vus par d\u00e9faut les r\u00f4les d&rsquo;abonn\u00e9, contributeur, auteur, \u00e9diteur et administrateur. Vous trouverez davantage d&rsquo;informations sur les r\u00f4les sur&nbsp;cette &hellip;<\/p>\n<p class=\"read-more\"> <a class=\"\" href=\"https:\/\/www.supalta.louisst.o2switch.site\/rcdd2\/les-roles-dans-wordpress\/\"> <span class=\"screen-reader-text\">Les r\u00f4les dans wordpress<\/span> Lire la suite\u00a0\u00bb<\/a><\/p>\n","protected":false},"author":1,"featured_media":555,"parent":0,"menu_order":0,"comment_status":"closed","ping_status":"closed","template":"","meta":{"_eb_attr":"","_uag_custom_page_level_css":"","site-sidebar-layout":"default","site-content-layout":"page-builder","ast-global-header-display":"","ast-banner-title-visibility":"","ast-main-header-display":"disabled","ast-hfb-above-header-display":"","ast-hfb-below-header-display":"disabled","ast-hfb-mobile-header-display":"","site-post-title":"disabled","ast-breadcrumbs-content":"","ast-featured-img":"","footer-sml-layout":"","theme-transparent-header-meta":"","adv-header-id-meta":"","stick-header-meta":"","header-above-stick-meta":"","header-main-stick-meta":"","header-below-stick-meta":"","_vp_format_video_url":"","_vp_image_focal_point":[],"footnotes":""},"class_list":["post-1335","page","type-page","status-publish","has-post-thumbnail","hentry"],"uagb_featured_image_src":{"full":["https:\/\/www.supalta.louisst.o2switch.site\/rcdd2\/wp-content\/uploads\/2023\/07\/Wordpressbanniere2.png",1200,200,false],"thumbnail":["https:\/\/www.supalta.louisst.o2switch.site\/rcdd2\/wp-content\/uploads\/2023\/07\/Wordpressbanniere2-150x150.png",150,150,true],"medium":["https:\/\/www.supalta.louisst.o2switch.site\/rcdd2\/wp-content\/uploads\/2023\/07\/Wordpressbanniere2-300x50.png",300,50,true],"medium_large":["https:\/\/www.supalta.louisst.o2switch.site\/rcdd2\/wp-content\/uploads\/2023\/07\/Wordpressbanniere2-768x128.png",768,128,true],"large":["https:\/\/www.supalta.louisst.o2switch.site\/rcdd2\/wp-content\/uploads\/2023\/07\/Wordpressbanniere2-1024x171.png",1024,171,true],"1536x1536":["https:\/\/www.supalta.louisst.o2switch.site\/rcdd2\/wp-content\/uploads\/2023\/07\/Wordpressbanniere2.png",1200,200,false],"2048x2048":["https:\/\/www.supalta.louisst.o2switch.site\/rcdd2\/wp-content\/uploads\/2023\/07\/Wordpressbanniere2.png",1200,200,false],"vp_sm":["https:\/\/www.supalta.louisst.o2switch.site\/rcdd2\/wp-content\/uploads\/2023\/07\/Wordpressbanniere2.png",500,83,false],"vp_md":["https:\/\/www.supalta.louisst.o2switch.site\/rcdd2\/wp-content\/uploads\/2023\/07\/Wordpressbanniere2.png",800,133,false],"vp_lg":["https:\/\/www.supalta.louisst.o2switch.site\/rcdd2\/wp-content\/uploads\/2023\/07\/Wordpressbanniere2.png",1200,200,false],"vp_xl":["https:\/\/www.supalta.louisst.o2switch.site\/rcdd2\/wp-content\/uploads\/2023\/07\/Wordpressbanniere2.png",1200,200,false],"vp_sm_popup":["https:\/\/www.supalta.louisst.o2switch.site\/rcdd2\/wp-content\/uploads\/2023\/07\/Wordpressbanniere2.png",500,83,false],"vp_md_popup":["https:\/\/www.supalta.louisst.o2switch.site\/rcdd2\/wp-content\/uploads\/2023\/07\/Wordpressbanniere2.png",800,133,false],"vp_xl_popup":["https:\/\/www.supalta.louisst.o2switch.site\/rcdd2\/wp-content\/uploads\/2023\/07\/Wordpressbanniere2.png",1200,200,false]},"uagb_author_info":{"display_name":"adligez","author_link":"https:\/\/www.supalta.louisst.o2switch.site\/rcdd2\/author\/adligez\/"},"uagb_comment_info":0,"uagb_excerpt":"Cependant, pour des raisons de s\u00e9curit\u00e9, chaque utilisateur peut ne pas avoir acc\u00e8s \u00e0 toutes les fonctionnalit\u00e9s du site. C&rsquo;est pourquoi, WordPress pr\u00e9voit diff\u00e9rents profils pour les utilisateurs, auxquels sont attach\u00e9es des permissions sp\u00e9cifiques. Ainsi, sont pr\u00e9vus par d\u00e9faut les r\u00f4les d&rsquo;abonn\u00e9, contributeur, auteur, \u00e9diteur et administrateur. Vous trouverez davantage d&rsquo;informations sur les r\u00f4les sur&nbsp;cette\u2026","_links":{"self":[{"href":"https:\/\/www.supalta.louisst.o2switch.site\/rcdd2\/wp-json\/wp\/v2\/pages\/1335","targetHints":{"allow":["GET"]}}],"collection":[{"href":"https:\/\/www.supalta.louisst.o2switch.site\/rcdd2\/wp-json\/wp\/v2\/pages"}],"about":[{"href":"https:\/\/www.supalta.louisst.o2switch.site\/rcdd2\/wp-json\/wp\/v2\/types\/page"}],"author":[{"embeddable":true,"href":"https:\/\/www.supalta.louisst.o2switch.site\/rcdd2\/wp-json\/wp\/v2\/users\/1"}],"replies":[{"embeddable":true,"href":"https:\/\/www.supalta.louisst.o2switch.site\/rcdd2\/wp-json\/wp\/v2\/comments?post=1335"}],"version-history":[{"count":14,"href":"https:\/\/www.supalta.louisst.o2switch.site\/rcdd2\/wp-json\/wp\/v2\/pages\/1335\/revisions"}],"predecessor-version":[{"id":1733,"href":"https:\/\/www.supalta.louisst.o2switch.site\/rcdd2\/wp-json\/wp\/v2\/pages\/1335\/revisions\/1733"}],"wp:featuredmedia":[{"embeddable":true,"href":"https:\/\/www.supalta.louisst.o2switch.site\/rcdd2\/wp-json\/wp\/v2\/media\/555"}],"wp:attachment":[{"href":"https:\/\/www.supalta.louisst.o2switch.site\/rcdd2\/wp-json\/wp\/v2\/media?parent=1335"}],"curies":[{"name":"wp","href":"https:\/\/api.w.org\/{rel}","templated":true}]}}