{"id":1734,"date":"2023-07-15T11:38:36","date_gmt":"2023-07-15T11:38:36","guid":{"rendered":"https:\/\/www.supalta.louisst.o2switch.site\/rcdd2\/?page_id=1734"},"modified":"2023-07-15T17:46:10","modified_gmt":"2023-07-15T17:46:10","slug":"infos-site-ndrc-supalta","status":"publish","type":"page","link":"https:\/\/www.supalta.louisst.o2switch.site\/rcdd2\/infos-site-ndrc-supalta\/","title":{"rendered":"Infos site NDRC Supalta"},"content":{"rendered":"\n<div class=\"wp-block-group has-background is-nowrap is-layout-flex wp-container-core-group-is-layout-7eadf1d9 wp-block-group-is-layout-flex\" style=\"background-color:#eaeaea;padding-top:var(--wp--preset--spacing--40);padding-right:var(--wp--preset--spacing--40);padding-bottom:var(--wp--preset--spacing--40);padding-left:var(--wp--preset--spacing--40)\">\n<div class=\"wp-block-essential-blocks-advanced-navigation\"><div class=\"eb-parent-wrapper eb-parent-eb-advanced-navigation-praxga7 \"><div class=\"eb-advanced-navigation-praxga7 eb-advanced-navigation-wrapper is-horizontal preset-1 items-justified-left responsive-icon close-icon-right\"><div class=\"eb-nav-contents\"><nav class=\"is-responsive is-horizontal items-justified-left  wp-block-navigation is-layout-flex wp-block-navigation-is-layout-flex\" aria-label=\"Menu Principal\" \n\t\t data-wp-interactive=\"core\/navigation\" data-wp-context='{\"overlayOpenedBy\":{\"click\":false,\"hover\":false,\"focus\":false},\"type\":\"overlay\",\"roleAttribute\":\"\",\"ariaLabel\":\"Menu\"}'><button aria-haspopup=\"dialog\" aria-label=\"Ouvrir le menu\" class=\"wp-block-navigation__responsive-container-open\" \n\t\t\t\tdata-wp-on--click=\"actions.openMenuOnClick\"\n\t\t\t\tdata-wp-on--keydown=\"actions.handleMenuKeydown\"\n\t\t\t><svg width=\"24\" height=\"24\" xmlns=\"http:\/\/www.w3.org\/2000\/svg\" viewBox=\"0 0 24 24\" aria-hidden=\"true\" focusable=\"false\"><path d=\"M4 7.5h16v1.5H4z\"><\/path><path d=\"M4 15h16v1.5H4z\"><\/path><\/svg><\/button>\n\t\t\t\t<div class=\"wp-block-navigation__responsive-container\"  id=\"modal-1\" \n\t\t\t\tdata-wp-class--has-modal-open=\"state.isMenuOpen\"\n\t\t\t\tdata-wp-class--is-menu-open=\"state.isMenuOpen\"\n\t\t\t\tdata-wp-watch=\"callbacks.initMenu\"\n\t\t\t\tdata-wp-on--keydown=\"actions.handleMenuKeydown\"\n\t\t\t\tdata-wp-on--focusout=\"actions.handleMenuFocusout\"\n\t\t\t\ttabindex=\"-1\"\n\t\t\t>\n\t\t\t\t\t<div class=\"wp-block-navigation__responsive-close\" tabindex=\"-1\">\n\t\t\t\t\t\t<div class=\"wp-block-navigation__responsive-dialog\" \n\t\t\t\tdata-wp-bind--aria-modal=\"state.ariaModal\"\n\t\t\t\tdata-wp-bind--aria-label=\"state.ariaLabel\"\n\t\t\t\tdata-wp-bind--role=\"state.roleAttribute\"\n\t\t\t>\n\t\t\t\t\t\t\t<button aria-label=\"Fermer le menu\" class=\"wp-block-navigation__responsive-container-close\" \n\t\t\t\tdata-wp-on--click=\"actions.closeMenuOnClick\"\n\t\t\t><svg xmlns=\"http:\/\/www.w3.org\/2000\/svg\" viewBox=\"0 0 24 24\" width=\"24\" height=\"24\" aria-hidden=\"true\" focusable=\"false\"><path d=\"m13.06 12 6.47-6.47-1.06-1.06L12 10.94 5.53 4.47 4.47 5.53 10.94 12l-6.47 6.47 1.06 1.06L12 13.06l6.47 6.47 1.06-1.06L13.06 12Z\"><\/path><\/svg><\/button>\n\t\t\t\t\t\t\t<div class=\"wp-block-navigation__responsive-container-content\" \n\t\t\t\tdata-wp-watch=\"callbacks.focusFirstElement\"\n\t\t\t id=\"modal-1-content\">\n\t\t\t\t\t\t\t\t<ul class=\"wp-block-navigation__container is-responsive is-horizontal items-justified-left  wp-block-navigation\"><li class=\" wp-block-navigation-item wp-block-navigation-link\"><a class=\"wp-block-navigation-item__content\"  href=\"https:\/\/www.supalta.louisst.o2switch.site\/rcdd2\"><span class=\"wp-block-navigation-item__label\">Accueil<\/span><\/a><\/li><li class=\" wp-block-navigation-item wp-block-navigation-link\"><a class=\"wp-block-navigation-item__content\"  href=\"https:\/\/www.supalta.louisst.o2switch.site\/rcdd2\/referentiel\/\"><span class=\"wp-block-navigation-item__label\">R\u00e9f\u00e9rentiel<\/span><\/a><\/li><li data-wp-context=\"{ &quot;submenuOpenedBy&quot;: { &quot;click&quot;: false, &quot;hover&quot;: false, &quot;focus&quot;: false }, &quot;type&quot;: &quot;submenu&quot;, &quot;modal&quot;: null, &quot;previousFocus&quot;: null }\" data-wp-interactive=\"core\/navigation\" data-wp-on--focusout=\"actions.handleMenuFocusout\" data-wp-on--keydown=\"actions.handleMenuKeydown\" data-wp-on--mouseenter=\"actions.openMenuOnHover\" data-wp-on--mouseleave=\"actions.closeMenuOnHover\" data-wp-watch=\"callbacks.initMenu\" tabindex=\"-1\" class=\"wp-block-navigation-item has-child open-on-hover-click wp-block-navigation-submenu\"><a class=\"wp-block-navigation-item__content\" href=\"#\"><span class=\"wp-block-navigation-item__label\">WordPress<\/span><\/a><button data-wp-bind--aria-expanded=\"state.isMenuOpen\" data-wp-on--click=\"actions.toggleMenuOnClick\" aria-label=\"Sous-menu WordPress\" class=\"wp-block-navigation__submenu-icon wp-block-navigation-submenu__toggle\" ><svg xmlns=\"http:\/\/www.w3.org\/2000\/svg\" width=\"12\" height=\"12\" viewBox=\"0 0 12 12\" fill=\"none\" aria-hidden=\"true\" focusable=\"false\"><path d=\"M1.50002 4L6.00002 8L10.5 4\" stroke-width=\"1.5\"><\/path><\/svg><\/button><ul data-wp-on--focus=\"actions.openMenuOnFocus\" class=\"wp-block-navigation__submenu-container wp-block-navigation-submenu\"><li class=\" wp-block-navigation-item wp-block-navigation-link\"><a class=\"wp-block-navigation-item__content\"  href=\"https:\/\/www.supalta.louisst.o2switch.site\/rcdd2\/wordpress\/\"><span class=\"wp-block-navigation-item__label\">Tutoriels vid\u00e9o WordPress<\/span><\/a><\/li><li class=\" wp-block-navigation-item wp-block-navigation-link\"><a class=\"wp-block-navigation-item__content\"  href=\"https:\/\/www.supalta.louisst.o2switch.site\/rcdd2\/les-roles-dans-wordpress\/\"><span class=\"wp-block-navigation-item__label\">Les r\u00f4les dans wordpress<\/span><\/a><\/li><li class=\" wp-block-navigation-item wp-block-navigation-link\"><a class=\"wp-block-navigation-item__content\"  href=\"https:\/\/www.supalta.louisst.o2switch.site\/rcdd2\/infos-site-ndrc-supalta\/\"><span class=\"wp-block-navigation-item__label\">Infos site NDRC Supalta<\/span><\/a><\/li><\/ul><\/li><li class=\" wp-block-navigation-item wp-block-navigation-link\"><a class=\"wp-block-navigation-item__content\"  href=\"https:\/\/www.supalta.louisst.o2switch.site\/rcdd2\/prestashop\/\"><span class=\"wp-block-navigation-item__label\">Prestashop<\/span><\/a><\/li><li class=\" wp-block-navigation-item wp-block-navigation-link\"><a class=\"wp-block-navigation-item__content\"  href=\"https:\/\/www.supalta.louisst.o2switch.site\/rcdd2\/brevo\/\"><span class=\"wp-block-navigation-item__label\">Brevo (ex SendinBlue)<\/span><\/a><\/li><li data-wp-context=\"{ &quot;submenuOpenedBy&quot;: { &quot;click&quot;: false, &quot;hover&quot;: false, &quot;focus&quot;: false }, &quot;type&quot;: &quot;submenu&quot;, &quot;modal&quot;: null, &quot;previousFocus&quot;: null }\" data-wp-interactive=\"core\/navigation\" data-wp-on--focusout=\"actions.handleMenuFocusout\" data-wp-on--keydown=\"actions.handleMenuKeydown\" data-wp-on--mouseenter=\"actions.openMenuOnHover\" data-wp-on--mouseleave=\"actions.closeMenuOnHover\" data-wp-watch=\"callbacks.initMenu\" tabindex=\"-1\" class=\"wp-block-navigation-item has-child open-on-hover-click wp-block-navigation-submenu\"><a class=\"wp-block-navigation-item__content\" href=\"#\"><span class=\"wp-block-navigation-item__label\">Marketing et Num\u00e9rique<\/span><\/a><button data-wp-bind--aria-expanded=\"state.isMenuOpen\" data-wp-on--click=\"actions.toggleMenuOnClick\" aria-label=\"Sous-menu Marketing et Num\u00e9rique\" class=\"wp-block-navigation__submenu-icon wp-block-navigation-submenu__toggle\" ><svg xmlns=\"http:\/\/www.w3.org\/2000\/svg\" width=\"12\" height=\"12\" viewBox=\"0 0 12 12\" fill=\"none\" aria-hidden=\"true\" focusable=\"false\"><path d=\"M1.50002 4L6.00002 8L10.5 4\" stroke-width=\"1.5\"><\/path><\/svg><\/button><ul data-wp-on--focus=\"actions.openMenuOnFocus\" class=\"wp-block-navigation__submenu-container wp-block-navigation-submenu\"><li class=\" wp-block-navigation-item wp-block-navigation-link\"><a class=\"wp-block-navigation-item__content\"  href=\"https:\/\/www.supalta.louisst.o2switch.site\/rcdd2\/ressources-marketing\/\"><span class=\"wp-block-navigation-item__label\">Ressources marketing<\/span><\/a><\/li><li class=\" wp-block-navigation-item wp-block-navigation-link\"><a class=\"wp-block-navigation-item__content\"  href=\"https:\/\/www.supalta.louisst.o2switch.site\/rcdd2\/ressources-numeriques\/\"><span class=\"wp-block-navigation-item__label\">Ressources num\u00e9riques<\/span><\/a><\/li><\/ul><\/li><li class=\" wp-block-navigation-item wp-block-navigation-link\"><a class=\"wp-block-navigation-item__content\"  href=\"https:\/\/www.supalta.louisst.o2switch.site\/rcdd2\/flux-rss\/\"><span class=\"wp-block-navigation-item__label\">Flux RSS<\/span><\/a><\/li><li class=\" wp-block-navigation-item wp-block-navigation-link\"><a class=\"wp-block-navigation-item__content\"  href=\"https:\/\/www.supalta.louisst.o2switch.site\/rcdd2\/contact\/\"><span class=\"wp-block-navigation-item__label\">Contact<\/span><\/a><\/li><\/ul>\n\t\t\t\t\t\t\t<\/div>\n\t\t\t\t\t\t<\/div>\n\t\t\t\t\t<\/div>\n\t\t\t\t<\/div><\/nav><\/div><\/div><\/div><\/div>\n<\/div>\n\n\n\n<div class=\"wp-block-essential-blocks-advanced-heading\"><div class=\"eb-parent-wrapper eb-parent-eb-advance-heading-0ftv51q \"><div class=\"eb-advance-heading-wrapper eb-advance-heading-0ftv51q button-1\" data-id=\"eb-advance-heading-0ftv51q\"><h2 class=\"eb-ah-title\">Refonte du site<\/h2><p class=\"eb-ah-subtitle\">Mais pourquoi t&rsquo;as fait \u00e7a ?<\/p><div class=\"eb-ah-separator line\"><\/div><\/div><\/div><\/div>\n\n\n\n<p><br><\/p>\n\n\n\n<p>Pendant l&rsquo;\u00e9t\u00e9 2023, ce site a \u00e9t\u00e9 enti\u00e8rement refondu pour les raisons suivantes :<\/p>\n\n\n\n<ul class=\"wp-block-list\">\n<li>La circulaire parue en d\u00e9cembre 2022, qui concerne les \u00e9tudiants \u00e0 compter de la session d&rsquo;examens de 2024, pr\u00e9voit le changement de th\u00e8me utilis\u00e9 sous WordPress ;<\/li>\n\n\n\n<li>Il m&rsquo;a donc sembl\u00e9 pertinent de reconstruire le site \u00e0 partir du th\u00e8me Astra, afin d&rsquo;en \u00e9tudier la configuration ; de fait, aucun template n&rsquo;a \u00e9t\u00e9 utilis\u00e9 ici.<\/li>\n\n\n\n<li>Le site pr\u00e9c\u00e9dent \u00e9tait enti\u00e8rement construit avec Elementor. Mais, m\u00eame si les \u00e9tudiants ont la possibilit\u00e9 d&rsquo;installer des extensions pendant l&rsquo;examen, cette manipulation les conduirait \u00e0 perdre un temps pr\u00e9cieux. La volont\u00e9 est ici de d\u00e9montrer qu&rsquo;il est possible de cr\u00e9er un site sans Elementor, avec une grande vari\u00e9t\u00e9 de pr\u00e9sentations.<\/li>\n\n\n\n<li> Par ailleurs, l&rsquo;\u00e9diteur de texte par d\u00e9faut, appel\u00e9 Gutenberg, a largement progress\u00e9 depuis quelques ann\u00e9es, m\u00eame si parfois il est n\u00e9cessaire de recourir \u00e0 des astuces pour am\u00e9liorer la visibilit\u00e9. Parmi ces astuces, on trouve des extensions compatibles, qui am\u00e9liorent grandement l&rsquo;utilisation de Gutenberg. <\/li>\n\n\n\n<li>Il s&rsquo;av\u00e8re que cet \u00e9diteur est de plus en plus performant, et l&rsquo;on obtient, au final, les m\u00eames rendus qu&rsquo;avec Elementor, avec des plugins plus l\u00e9gers, m\u00eame si l&rsquo;ergonomie n&rsquo;est pas aussi bonne et les manipulations parfois fastidieuses. <\/li>\n<\/ul>\n\n\n\n<p>Ainsi ce site a \u00e9t\u00e9 mis en forme gr\u00e2ce aux outils suivants :<\/p>\n\n\n\n<ul class=\"wp-block-list\">\n<li>blocs par d\u00e9faut de Gutenberg :\n<ul class=\"wp-block-list\">\n<li> blocs de texte, <\/li>\n\n\n\n<li>colonnes, <\/li>\n\n\n\n<li>groupes, <\/li>\n\n\n\n<li>images, <\/li>\n\n\n\n<li>galeries, <\/li>\n\n\n\n<li>m\u00e9dia et texte, <\/li>\n\n\n\n<li>blocs r\u00e9utilisables,<\/li>\n\n\n\n<li>map,<\/li>\n\n\n\n<li>ou encore le tableau de la page <a href=\"https:\/\/www.ndrcsupalta.fr\/les-roles-dans-wordpress\/\">Les r\u00f4les dans WordPress<\/a><\/li>\n<\/ul>\n<\/li>\n\n\n\n<li>plugin Essential Blocs, dans sa version gratuite :\n<ul class=\"wp-block-list\">\n<li>titres avanc\u00e9s sur toutes les pages, <\/li>\n\n\n\n<li> accord\u00e9ons dans la page <a href=\"https:\/\/www.ndrcsupalta.fr\/referentiel\/\">R\u00e9f\u00e9rentiel<\/a>, <\/li>\n\n\n\n<li>Advanced menus sur les pages except\u00e9 la page d&rsquo;accueil : euh&#8230; le pire bloc \u00e0 configurer pour obtenir un r\u00e9sultat tout juste correct, mais toujours plus esth\u00e9tique que le bloc navigation propos\u00e9 par Gutenberg&#8230;<\/li>\n\n\n\n<li>Featured List dans la page <a href=\"https:\/\/www.ndrcsupalta.fr\/ressources-marketing\/\">Ressources marketing<\/a>,<\/li>\n\n\n\n<li>Boite d&rsquo;info dans la page <a href=\"https:\/\/www.ndrcsupalta.fr\/outils-numeriques\/\">Ressources num\u00e9riques<\/a><\/li>\n<\/ul>\n<\/li>\n\n\n\n<li>plugin Visual Portfolio pour les galeries vid\u00e9o que vous trouverez sur les pages <a href=\"https:\/\/www.ndrcsupalta.fr\/relation-client-a-distance-et-digitalisation-prestashop\/\">Prestashop<\/a>, <a href=\"https:\/\/www.ndrcsupalta.fr\/sendinblue-relation-client-a-distance\/\">Brevo<\/a>, ou <a href=\"https:\/\/www.ndrcsupalta.fr\/wordpress-digitalisation-relation-client\/\">Tutoriels vid\u00e9o WordPress<\/a><\/li>\n\n\n\n<li>plugin RSS Agregator pour la page <a href=\"https:\/\/www.ndrcsupalta.fr\/rss-2\/\">Actualit\u00e9s<\/a><\/li>\n\n\n\n<li>plugin WPForms pour le <a href=\"https:\/\/www.ndrcsupalta.fr\/contact\/\">formulaire de contact<\/a><\/li>\n\n\n\n<li>plugin Site Origin CSS pour le CSS personnalis\u00e9 (plus technique)<\/li>\n<\/ul>\n\n\n\n<p>Bien entendu ce site met \u00e9galement en \u0153uvre les \u00ab\u00a0incontournables\u00a0\u00bb :<\/p>\n\n\n\n<ul class=\"wp-block-list\">\n<li>Yoast SEO (r\u00e9f\u00e9rencement)<\/li>\n\n\n\n<li>Akismet (anti-spam)<\/li>\n\n\n\n<li>MonsterInsights&nbsp;(suivi statistique)<\/li>\n\n\n\n<li>Complianz&nbsp;|&nbsp;GDPR\/CCPA Cookie Consent (gestion des cookies)<\/li>\n<\/ul>\n\n\n\n<p>Il est \u00e0 pr\u00e9ciser que toutes les extensions utilis\u00e9es l&rsquo;ont \u00e9t\u00e9 dans leur version gratuite.<\/p>\n","protected":false},"excerpt":{"rendered":"<p>Pendant l&rsquo;\u00e9t\u00e9 2023, ce site a \u00e9t\u00e9 enti\u00e8rement refondu pour les raisons suivantes : Ainsi ce site a \u00e9t\u00e9 mis en forme gr\u00e2ce aux outils suivants : Bien entendu ce site met \u00e9galement en \u0153uvre les \u00ab\u00a0incontournables\u00a0\u00bb : Il est \u00e0 pr\u00e9ciser que toutes les extensions utilis\u00e9es l&rsquo;ont \u00e9t\u00e9 dans leur version gratuite.<\/p>\n","protected":false},"author":1,"featured_media":1751,"parent":0,"menu_order":0,"comment_status":"closed","ping_status":"closed","template":"","meta":{"_eb_attr":"","_uag_custom_page_level_css":"","site-sidebar-layout":"default","site-content-layout":"page-builder","ast-global-header-display":"","ast-banner-title-visibility":"","ast-main-header-display":"disabled","ast-hfb-above-header-display":"","ast-hfb-below-header-display":"disabled","ast-hfb-mobile-header-display":"","site-post-title":"disabled","ast-breadcrumbs-content":"","ast-featured-img":"","footer-sml-layout":"","theme-transparent-header-meta":"","adv-header-id-meta":"","stick-header-meta":"","header-above-stick-meta":"","header-main-stick-meta":"","header-below-stick-meta":"","_vp_format_video_url":"","_vp_image_focal_point":[],"footnotes":""},"class_list":["post-1734","page","type-page","status-publish","has-post-thumbnail","hentry"],"uagb_featured_image_src":{"full":["https:\/\/www.supalta.louisst.o2switch.site\/rcdd2\/wp-content\/uploads\/2023\/07\/constructionbanniere.png",1200,200,false],"thumbnail":["https:\/\/www.supalta.louisst.o2switch.site\/rcdd2\/wp-content\/uploads\/2023\/07\/constructionbanniere-150x150.png",150,150,true],"medium":["https:\/\/www.supalta.louisst.o2switch.site\/rcdd2\/wp-content\/uploads\/2023\/07\/constructionbanniere-300x50.png",300,50,true],"medium_large":["https:\/\/www.supalta.louisst.o2switch.site\/rcdd2\/wp-content\/uploads\/2023\/07\/constructionbanniere-768x128.png",768,128,true],"large":["https:\/\/www.supalta.louisst.o2switch.site\/rcdd2\/wp-content\/uploads\/2023\/07\/constructionbanniere-1024x171.png",1024,171,true],"1536x1536":["https:\/\/www.supalta.louisst.o2switch.site\/rcdd2\/wp-content\/uploads\/2023\/07\/constructionbanniere.png",1200,200,false],"2048x2048":["https:\/\/www.supalta.louisst.o2switch.site\/rcdd2\/wp-content\/uploads\/2023\/07\/constructionbanniere.png",1200,200,false],"vp_sm":["https:\/\/www.supalta.louisst.o2switch.site\/rcdd2\/wp-content\/uploads\/2023\/07\/constructionbanniere-500x83.png",500,83,true],"vp_md":["https:\/\/www.supalta.louisst.o2switch.site\/rcdd2\/wp-content\/uploads\/2023\/07\/constructionbanniere-800x133.png",800,133,true],"vp_lg":["https:\/\/www.supalta.louisst.o2switch.site\/rcdd2\/wp-content\/uploads\/2023\/07\/constructionbanniere.png",1200,200,false],"vp_xl":["https:\/\/www.supalta.louisst.o2switch.site\/rcdd2\/wp-content\/uploads\/2023\/07\/constructionbanniere.png",1200,200,false],"vp_sm_popup":["https:\/\/www.supalta.louisst.o2switch.site\/rcdd2\/wp-content\/uploads\/2023\/07\/constructionbanniere-500x83.png",500,83,true],"vp_md_popup":["https:\/\/www.supalta.louisst.o2switch.site\/rcdd2\/wp-content\/uploads\/2023\/07\/constructionbanniere-800x133.png",800,133,true],"vp_xl_popup":["https:\/\/www.supalta.louisst.o2switch.site\/rcdd2\/wp-content\/uploads\/2023\/07\/constructionbanniere.png",1200,200,false]},"uagb_author_info":{"display_name":"adligez","author_link":"https:\/\/www.supalta.louisst.o2switch.site\/rcdd2\/author\/adligez\/"},"uagb_comment_info":0,"uagb_excerpt":"Pendant l&rsquo;\u00e9t\u00e9 2023, ce site a \u00e9t\u00e9 enti\u00e8rement refondu pour les raisons suivantes : Ainsi ce site a \u00e9t\u00e9 mis en forme gr\u00e2ce aux outils suivants : Bien entendu ce site met \u00e9galement en \u0153uvre les \u00ab\u00a0incontournables\u00a0\u00bb : Il est \u00e0 pr\u00e9ciser que toutes les extensions utilis\u00e9es l&rsquo;ont \u00e9t\u00e9 dans leur version gratuite.","_links":{"self":[{"href":"https:\/\/www.supalta.louisst.o2switch.site\/rcdd2\/wp-json\/wp\/v2\/pages\/1734","targetHints":{"allow":["GET"]}}],"collection":[{"href":"https:\/\/www.supalta.louisst.o2switch.site\/rcdd2\/wp-json\/wp\/v2\/pages"}],"about":[{"href":"https:\/\/www.supalta.louisst.o2switch.site\/rcdd2\/wp-json\/wp\/v2\/types\/page"}],"author":[{"embeddable":true,"href":"https:\/\/www.supalta.louisst.o2switch.site\/rcdd2\/wp-json\/wp\/v2\/users\/1"}],"replies":[{"embeddable":true,"href":"https:\/\/www.supalta.louisst.o2switch.site\/rcdd2\/wp-json\/wp\/v2\/comments?post=1734"}],"version-history":[{"count":17,"href":"https:\/\/www.supalta.louisst.o2switch.site\/rcdd2\/wp-json\/wp\/v2\/pages\/1734\/revisions"}],"predecessor-version":[{"id":1761,"href":"https:\/\/www.supalta.louisst.o2switch.site\/rcdd2\/wp-json\/wp\/v2\/pages\/1734\/revisions\/1761"}],"wp:featuredmedia":[{"embeddable":true,"href":"https:\/\/www.supalta.louisst.o2switch.site\/rcdd2\/wp-json\/wp\/v2\/media\/1751"}],"wp:attachment":[{"href":"https:\/\/www.supalta.louisst.o2switch.site\/rcdd2\/wp-json\/wp\/v2\/media?parent=1734"}],"curies":[{"name":"wp","href":"https:\/\/api.w.org\/{rel}","templated":true}]}}